{"id":45,"date":"2015-03-23T17:12:16","date_gmt":"2015-03-23T16:12:16","guid":{"rendered":"http:\/\/mozgasmentor.hu\/gyor\/?page_id=45"},"modified":"2022-03-10T19:42:01","modified_gmt":"2022-03-10T18:42:01","slug":"arlista-gyogytorna-masszazs-gyor","status":"publish","type":"page","link":"http:\/\/mozgasmentor.hu\/gyor\/arlista-gyogytorna-masszazs-gyor\/","title":{"rendered":"\u00c1rlista"},"content":{"rendered":"<table style=\"width: 100.518%; height: 1158px;\" border=\"0\" cellspacing=\"0\" cellpadding=\"0\">\n<tbody>\n<tr style=\"height: 43px;\">\n<td style=\"width: 66%; text-align: left; height: 43px;\" width=\"307\"><strong><strong>Szalma \u00c1d\u00e1m\u00a0<\/strong><\/strong><strong>(Gy\u00f3gytorn\u00e1sz, Shiatsu, Bobath, McKenzie terapeuta)<\/strong><\/td>\n<td style=\"width: 33%; text-align: left; height: 43px;\" width=\"307\"><\/td>\n<\/tr>\n<tr style=\"height: 22px;\">\n<td style=\"width: 66%; text-align: left; height: 22px;\" width=\"307\"><\/td>\n<td style=\"width: 33%; text-align: left; height: 22px;\" width=\"307\"><\/td>\n<\/tr>\n<tr style=\"height: 85px;\">\n<td style=\"width: 66%; text-align: left; height: 85px;\" width=\"307\">Kinesio Tape felragaszt\u00e1sa<\/td>\n<td style=\"width: 33%; text-align: left; height: 85px;\" width=\"307\">minimum: 2.500.- maximum: 3.500.- (ha t\u00f6bb mint egy m\u00e9tert kell felragasztani)<\/td>\n<\/tr>\n<tr style=\"height: 43px;\">\n<td style=\"width: 66%; text-align: left; height: 43px;\" width=\"307\"><\/td>\n<td style=\"width: 33%; text-align: left; height: 43px;\" width=\"307\"><\/td>\n<\/tr>\n<tr style=\"height: 64px;\">\n<td style=\"width: 66%; text-align: left; height: 64px;\" width=\"307\">45 perc Klasszikus gy\u00f3gytorna, vagy McKenzie gerinctorna, vagy TRX egy\u00e9ni t\u00f6rzser\u0151s\u00edt\u0151 funkcion\u00e1lis edz\u00e9s<\/td>\n<td style=\"width: 33%; text-align: left; height: 64px;\" width=\"307\">7.000.-<\/td>\n<\/tr>\n<tr style=\"height: 64px;\">\n<td style=\"width: 66%; text-align: left; height: 64px;\" width=\"307\">60 perc Klasszikus gy\u00f3gytorna, vagy McKenzie gerinctorna, vagy TRX egy\u00e9ni t\u00f6rzser\u0151s\u00edt\u0151 funkcion\u00e1lis edz\u00e9s<\/td>\n<td style=\"width: 33%; text-align: left; height: 64px;\" width=\"307\">9.000.-<\/td>\n<\/tr>\n<tr style=\"height: 43px;\">\n<td style=\"width: 66%; text-align: left; height: 43px;\" width=\"307\">60 perc Neurol\u00f3giai \/ ideggy\u00f3gy\u00e1szati (funkcion\u00e1lis) Bobath-f\u00e9le gy\u00f3gytorna<\/td>\n<td style=\"width: 33%; text-align: left; height: 43px;\" width=\"307\">10.000.-<\/td>\n<\/tr>\n<tr style=\"height: 22px;\">\n<td style=\"width: 66%; text-align: left; height: 22px;\" width=\"307\">80 perc SHIATSU diagn\u00f3zis \u00e9s kezel\u00e9s<\/td>\n<td style=\"width: 33%; text-align: left; height: 22px;\" width=\"307\">12.000.-<\/td>\n<\/tr>\n<tr style=\"height: 22px;\">\n<td style=\"width: 66%; text-align: left; height: 22px;\" width=\"307\">30 perc Id\u0151skori egyens\u00faly rehabilit\u00e1ci\u00f3 (es\u00e9sek, balesetek megel\u0151z\u00e9s\u00e9re)<\/td>\n<td style=\"width: 33%; text-align: left; height: 22px;\" width=\"307\">5.000.-<\/td>\n<\/tr>\n<tr style=\"height: 43px;\">\n<td style=\"width: 66%; text-align: left; height: 43px;\" width=\"307\">45 perc lymp drainage<\/td>\n<td style=\"width: 33%; text-align: left; height: 43px;\" width=\"307\">7.000.-<\/td>\n<\/tr>\n<tr style=\"height: 22px;\">\n<td style=\"width: 66%; text-align: left; height: 22px;\" width=\"307\">70 perc Reflexz\u00f3n\u00e1s talpmassz\u00e1zs<\/td>\n<td style=\"width: 33%; text-align: left; height: 22px;\" width=\"307\">10.000.-<\/td>\n<\/tr>\n<tr style=\"height: 22px;\">\n<td style=\"width: 66%; text-align: left; height: 22px;\" width=\"307\">70 perc Teljes testmassz\u00e1zs ill\u00f3olajokkal<\/td>\n<td style=\"width: 33%; text-align: left; height: 22px;\" width=\"307\">10.000.-<\/td>\n<\/tr>\n<tr style=\"height: 22px;\">\n<td style=\"width: 66%; text-align: left; height: 22px;\" width=\"307\"><\/td>\n<td style=\"width: 33%; text-align: left; height: 22px;\" width=\"307\"><\/td>\n<\/tr>\n<tr style=\"height: 22px;\">\n<td style=\"width: 66%; text-align: left; height: 22px;\" width=\"307\">Kisz\u00e1ll\u00e1s h\u00e1zhoz (gy\u00f3gytorna, massz\u00e1zs, ter\u00e1pia h\u00e1zn\u00e1l): Gy\u0151r k\u00f6zigazgat\u00e1si ter\u00fclet\u00e9n bel\u00fcl &#8211; otthoni vizit<\/td>\n<td style=\"width: 33%; text-align: left; height: 22px;\" width=\"307\">3000.-<\/td>\n<\/tr>\n<tr style=\"height: 22px;\">\n<td style=\"width: 66%; text-align: left; height: 22px;\" width=\"307\"><span lang=\"EN-US\">20 perc FLOSSSING ter\u00e1pia<\/span><\/td>\n<td style=\"width: 33%; text-align: left; height: 22px;\" width=\"307\">4.000.-<\/td>\n<\/tr>\n<tr style=\"height: 22px;\">\n<td style=\"width: 66%; text-align: left; height: 22px;\" width=\"307\">60 perc Flossing Kinesio tape gy\u00f3gytorna<\/td>\n<td style=\"width: 33%; text-align: left; height: 22px;\" width=\"307\">9.000.-<\/td>\n<\/tr>\n<tr style=\"height: 22px;\">\n<td style=\"width: 99%; text-align: left; height: 22px;\" colspan=\"2\" width=\"307\">\n<table style=\"border-collapse: collapse; width: 100%; height: 52px;\">\n<tbody>\n<tr style=\"height: 26px;\">\n<td style=\"width: 66.6667%; height: 26px;\">30 perc Triggerpont ter\u00e1pia<\/td>\n<td style=\"width: 33.3333%; height: 26px;\">7.000.-<\/td>\n<\/tr>\n<tr style=\"height: 26px;\">\n<td style=\"width: 66.6667%; height: 26px;\">45 perc EMMT &#8211; IASTM<\/td>\n<td style=\"width: 33.3333%; height: 26px;\">9.000.-<\/td>\n<\/tr>\n<\/tbody>\n<\/table>\n<\/td>\n<\/tr>\n<tr style=\"height: 170px;\">\n<td style=\"height: 170px; width: 99%; text-align: center;\" colspan=\"2\" width=\"614\"><strong>H\u0171s\u00e9g-k\u00e1rtya<\/strong><br \/>\nAmennyiben 2 h\u00f3napon bel\u00fcl legal\u00e1bb 5 kezel\u00e9sben r\u00e9szt vesz n\u00e1lunk, a 6. kezel\u00e9s \u00e1r\u00e1b\u00f3l 50%-os kedvezm\u00e9nyt adunk.<\/p>\n<p style=\"text-align: center;\">\u00c1raink magyar Forintban (HUF) \u00e9rtend\u0151ek.<\/p>\n<\/td>\n<\/tr>\n<\/tbody>\n<\/table>\n","protected":false},"excerpt":{"rendered":"<p>Szalma \u00c1d\u00e1m\u00a0(Gy\u00f3gytorn\u00e1sz, Shiatsu, Bobath, McKenzie terapeuta) Kinesio Tape felragaszt\u00e1sa minimum: 2.500.- maximum: 3.500.- (ha t\u00f6bb mint egy m\u00e9tert kell felragasztani)&#8230;<\/p>\n","protected":false},"author":1,"featured_media":0,"parent":0,"menu_order":0,"comment_status":"open","ping_status":"closed","template":"page-arlista.php","meta":{"_mo_disable_npp":"","footnotes":""},"class_list":["post-45","page","type-page","status-publish","hentry"],"_links":{"self":[{"href":"http:\/\/mozgasmentor.hu\/gyor\/wp-json\/wp\/v2\/pages\/45","targetHints":{"allow":["GET"]}}],"collection":[{"href":"http:\/\/mozgasmentor.hu\/gyor\/wp-json\/wp\/v2\/pages"}],"about":[{"href":"http:\/\/mozgasmentor.hu\/gyor\/wp-json\/wp\/v2\/types\/page"}],"author":[{"embeddable":true,"href":"http:\/\/mozgasmentor.hu\/gyor\/wp-json\/wp\/v2\/users\/1"}],"replies":[{"embeddable":true,"href":"http:\/\/mozgasmentor.hu\/gyor\/wp-json\/wp\/v2\/comments?post=45"}],"version-history":[{"count":46,"href":"http:\/\/mozgasmentor.hu\/gyor\/wp-json\/wp\/v2\/pages\/45\/revisions"}],"predecessor-version":[{"id":731,"href":"http:\/\/mozgasmentor.hu\/gyor\/wp-json\/wp\/v2\/pages\/45\/revisions\/731"}],"wp:attachment":[{"href":"http:\/\/mozgasmentor.hu\/gyor\/wp-json\/wp\/v2\/media?parent=45"}],"curies":[{"name":"wp","href":"https:\/\/api.w.org\/{rel}","templated":true}]}}